{"id":1301,"date":"2025-04-02T17:13:03","date_gmt":"2025-04-02T14:13:03","guid":{"rendered":"https:\/\/driremoral.com\/about-me\/"},"modified":"2025-05-21T15:12:21","modified_gmt":"2025-05-21T12:12:21","slug":"about-me","status":"publish","type":"page","link":"https:\/\/driremoral.com\/en\/about-me\/","title":{"rendered":"About Me"},"content":{"rendered":"\t\t<div data-elementor-type=\"wp-page\" data-elementor-id=\"1301\" class=\"elementor elementor-1301 elementor-235\">\n\t\t\t\t<div class=\"elementor-element elementor-element-482cf8a0 e-flex e-con-boxed e-con e-parent\" data-id=\"482cf8a0\" data-element_type=\"container\" data-e-type=\"container\" data-settings=\"{&quot;background_background&quot;:&quot;classic&quot;}\">\n\t\t\t\t\t<div class=\"e-con-inner\">\n\t\t<div class=\"elementor-element elementor-element-7b8e7d4c e-con-full e-flex e-con e-child\" data-id=\"7b8e7d4c\" data-element_type=\"container\" data-e-type=\"container\">\n\t\t\t\t<div class=\"elementor-element elementor-element-ddc34d3 elementor-invisible elementor-widget elementor-widget-heading\" data-id=\"ddc34d3\" data-element_type=\"widget\" data-e-type=\"widget\" data-settings=\"{&quot;_animation&quot;:&quot;fadeInUp&quot;,&quot;_animation_delay&quot;:200}\" data-widget_type=\"heading.default\">\n\t\t\t\t<div class=\"elementor-widget-container\">\n\t\t\t\t\t<h1 class=\"elementor-heading-title elementor-size-default\"><span class=\"ez-toc-section\" id=\"about-me\"><\/span>About Me<span class=\"ez-toc-section-end\"><\/span><\/h1>\t\t\t\t<\/div>\n\t\t\t\t<\/div>\n\t\t\t\t<div class=\"elementor-element elementor-element-75584556 elementor-invisible elementor-widget elementor-widget-heading\" data-id=\"75584556\" data-element_type=\"widget\" data-e-type=\"widget\" data-settings=\"{&quot;_animation&quot;:&quot;fadeInDown&quot;,&quot;_animation_delay&quot;:300}\" data-widget_type=\"heading.default\">\n\t\t\t\t<div class=\"elementor-widget-container\">\n\t\t\t\t\t<h3 class=\"elementor-heading-title elementor-size-default\"><span class=\"ez-toc-section\" id=\"20-years-of-expertise-dedicated-to-child-health-and-family-centered-approach\"><\/span>20+ Years of Expertise Dedicated to Child Health and Family-Centered Approach\n\n<span class=\"ez-toc-section-end\"><\/span><\/h3>\t\t\t\t<\/div>\n\t\t\t\t<\/div>\n\t\t\t\t<\/div>\n\t\t\t\t\t<\/div>\n\t\t\t\t<\/div>\n\t\t\t\t<section class=\"elementor-section elementor-top-section elementor-element elementor-element-758344a9 elementor-section-boxed elementor-section-height-default elementor-section-height-default\" data-id=\"758344a9\" data-element_type=\"section\" data-e-type=\"section\">\n\t\t\t\t\t\t\t<div class=\"elementor-background-overlay\"><\/div>\n\t\t\t\t\t\t\t<div class=\"elementor-container elementor-column-gap-default\">\n\t\t\t\t\t<div class=\"elementor-column elementor-col-50 elementor-top-column elementor-element elementor-element-3db86ba7\" data-id=\"3db86ba7\" data-element_type=\"column\" data-e-type=\"column\" data-settings=\"{&quot;background_background&quot;:&quot;classic&quot;}\">\n\t\t\t<div class=\"elementor-widget-wrap elementor-element-populated\">\n\t\t\t\t\t\t<div class=\"elementor-element elementor-element-68cd078a elementor-widget elementor-widget-image\" data-id=\"68cd078a\" data-element_type=\"widget\" data-e-type=\"widget\" data-widget_type=\"image.default\">\n\t\t\t\t<div class=\"elementor-widget-container\">\n\t\t\t\t\t\t\t\t\t\t\t\t\t\t\t<img fetchpriority=\"high\" decoding=\"async\" width=\"1125\" height=\"1494\" src=\"https:\/\/driremoral.com\/wp-content\/uploads\/2025\/05\/uzm-dr-irem-oral.webp\" class=\"attachment-full size-full wp-image-1230\" alt=\"\" srcset=\"https:\/\/driremoral.com\/wp-content\/uploads\/2025\/05\/uzm-dr-irem-oral.webp 1125w, https:\/\/driremoral.com\/wp-content\/uploads\/2025\/05\/uzm-dr-irem-oral-226x300.webp 226w, https:\/\/driremoral.com\/wp-content\/uploads\/2025\/05\/uzm-dr-irem-oral-771x1024.webp 771w, https:\/\/driremoral.com\/wp-content\/uploads\/2025\/05\/uzm-dr-irem-oral-768x1020.webp 768w\" sizes=\"(max-width: 1125px) 100vw, 1125px\" title=\"\">\t\t\t\t\t\t\t\t\t\t\t\t\t\t\t<\/div>\n\t\t\t\t<\/div>\n\t\t\t\t\t<\/div>\n\t\t<\/div>\n\t\t\t\t<div class=\"elementor-column elementor-col-50 elementor-top-column elementor-element elementor-element-2d7440e9\" data-id=\"2d7440e9\" data-element_type=\"column\" data-e-type=\"column\" data-settings=\"{&quot;background_background&quot;:&quot;classic&quot;}\">\n\t\t\t<div class=\"elementor-widget-wrap elementor-element-populated\">\n\t\t\t\t\t\t<div class=\"elementor-element elementor-element-24e4a18f elementor-widget elementor-widget-heading\" data-id=\"24e4a18f\" data-element_type=\"widget\" data-e-type=\"widget\" data-widget_type=\"heading.default\">\n\t\t\t\t<div class=\"elementor-widget-container\">\n\t\t\t\t\t<h3 class=\"elementor-heading-title elementor-size-default\"><span class=\"ez-toc-section\" id=\"dr-irem-oral\"><\/span>Dr. Irem Oral<span class=\"ez-toc-section-end\"><\/span><\/h3>\t\t\t\t<\/div>\n\t\t\t\t<\/div>\n\t\t\t\t<div class=\"elementor-element elementor-element-7b916739 elementor-widget elementor-widget-text-editor\" data-id=\"7b916739\" data-element_type=\"widget\" data-e-type=\"widget\" data-widget_type=\"text-editor.default\">\n\t\t\t\t<div class=\"elementor-widget-container\">\n\t\t\t\t\t\t\t\t\t<p>Hello, I was born in Istanbul in 1975. After Nurettin Teksan Primary School, I graduated from H\u00fcseyin Avni S\u00f6zen Anatolian High School. I graduated from Istanbul University Istanbul Faculty of Medicine in 1998. I became a Specialist in Pediatrics from the Department of Pediatrics at Istanbul Faculty of Medicine in 2003. After completing my mandatory service at Giresun Bulancak State Hospital \u201c, I worked in Istanbul\u201d at Kad\u0131k\u00f6y \u015eifa Hospital, Eren Hospital, and Occupational Diseases State Hospitals. In 2018, I started working in my own private practice. I am married and have 2 sons. I am fortunate to have been both loving children and practicing my profession for about 25 years. I strive to help them grow healthily, protect them from illness, and quickly heal them when they do fall ill.<\/p><p>Love to you all.<\/p>\t\t\t\t\t\t\t\t<\/div>\n\t\t\t\t<\/div>\n\t\t\t\t<section class=\"elementor-section elementor-inner-section elementor-element elementor-element-533150e elementor-section-content-top elementor-section-boxed elementor-section-height-default elementor-section-height-default\" data-id=\"533150e\" data-element_type=\"section\" data-e-type=\"section\">\n\t\t\t\t\t\t<div class=\"elementor-container elementor-column-gap-no\">\n\t\t\t\t\t<div class=\"elementor-column elementor-col-100 elementor-inner-column elementor-element elementor-element-25bcaafc\" data-id=\"25bcaafc\" data-element_type=\"column\" data-e-type=\"column\">\n\t\t\t<div class=\"elementor-widget-wrap elementor-element-populated\">\n\t\t\t\t\t\t<div class=\"elementor-element elementor-element-621656cb elementor-widget elementor-widget-heading\" data-id=\"621656cb\" data-element_type=\"widget\" data-e-type=\"widget\" data-widget_type=\"heading.default\">\n\t\t\t\t<div class=\"elementor-widget-container\">\n\t\t\t\t\t<p class=\"elementor-heading-title elementor-size-default\">My Areas of Interest:<\/p>\t\t\t\t<\/div>\n\t\t\t\t<\/div>\n\t\t\t\t<div class=\"elementor-element elementor-element-ef66398 elementor-widget elementor-widget-text-editor\" data-id=\"ef66398\" data-element_type=\"widget\" data-e-type=\"widget\" data-widget_type=\"text-editor.default\">\n\t\t\t\t<div class=\"elementor-widget-container\">\n\t\t\t\t\t\t\t\t\t<ul><li>Healthy Child Monitoring (0-18 years)<\/li><li>Nutrition in infancy and childhood<\/li><li>Adolescent health<\/li><li>Childhood diseases<\/li><li>Vaccines<\/li><\/ul>\t\t\t\t\t\t\t\t<\/div>\n\t\t\t\t<\/div>\n\t\t\t\t\t<\/div>\n\t\t<\/div>\n\t\t\t\t\t<\/div>\n\t\t<\/section>\n\t\t\t\t\t<\/div>\n\t\t<\/div>\n\t\t\t\t\t<\/div>\n\t\t<\/section>\n\t\t\t\t<\/div>\n\t\t\n    <div class=\"xs_social_share_widget xs_share_url after_content \t\tmain_content  wslu-style-1 wslu-share-box-shaped wslu-fill-colored wslu-none wslu-share-horizontal wslu-theme-font-no wslu-main_content\">\n\n\t\t\n        <ul>\n\t\t\t        <\/ul>\n    <\/div> \n","protected":false},"excerpt":{"rendered":"<p>About Me 20+ Years of Expertise Dedicated to Child Health and Family-Centered Approach Dr. Irem Oral Hello, I was born in Istanbul in 1975. After Nurettin Teksan Primary School, I graduated from H\u00fcseyin Avni S\u00f6zen Anatolian High School. I graduated from Istanbul University Istanbul Faculty of Medicine in 1998. I became a Specialist in Pediatrics [&hellip;]<\/p>\n","protected":false},"author":4,"featured_media":0,"parent":0,"menu_order":0,"comment_status":"closed","ping_status":"closed","template":"elementor_header_footer","meta":{"_eb_attr":"","footnotes":""},"class_list":["post-1301","page","type-page","status-publish","hentry"],"rttpg_featured_image_url":null,"rttpg_author":{"display_name":"Uzm. Dr. \u0130rem Oral","author_link":"https:\/\/driremoral.com\/en\/yazar\/driremoral\/"},"rttpg_comment":0,"rttpg_category":" <a href=\"https:\/\/driremoral.com\/en\/?taxonomy=translation_priority&#038;term=optional-en\" rel=\"tag\">Optional<\/a>","rttpg_excerpt":"About Me 20+ Years of Expertise Dedicated to Child Health and Family-Centered Approach Dr. Irem Oral Hello, I was born in Istanbul in 1975. After Nurettin Teksan Primary School, I graduated from H\u00fcseyin Avni S\u00f6zen Anatolian High School. I graduated from Istanbul University Istanbul Faculty of Medicine in 1998. I became a Specialist in Pediatrics&hellip;","_links":{"self":[{"href":"https:\/\/driremoral.com\/en\/wp-json\/wp\/v2\/pages\/1301","targetHints":{"allow":["GET"]}}],"collection":[{"href":"https:\/\/driremoral.com\/en\/wp-json\/wp\/v2\/pages"}],"about":[{"href":"https:\/\/driremoral.com\/en\/wp-json\/wp\/v2\/types\/page"}],"author":[{"embeddable":true,"href":"https:\/\/driremoral.com\/en\/wp-json\/wp\/v2\/users\/4"}],"replies":[{"embeddable":true,"href":"https:\/\/driremoral.com\/en\/wp-json\/wp\/v2\/comments?post=1301"}],"version-history":[{"count":10,"href":"https:\/\/driremoral.com\/en\/wp-json\/wp\/v2\/pages\/1301\/revisions"}],"predecessor-version":[{"id":1334,"href":"https:\/\/driremoral.com\/en\/wp-json\/wp\/v2\/pages\/1301\/revisions\/1334"}],"wp:attachment":[{"href":"https:\/\/driremoral.com\/en\/wp-json\/wp\/v2\/media?parent=1301"}],"curies":[{"name":"wp","href":"https:\/\/api.w.org\/{rel}","templated":true}]}}